{"id":88,"date":"2015-10-19T15:54:47","date_gmt":"2015-10-19T12:54:47","guid":{"rendered":"http:\/\/riometri.fi\/?page_id=88"},"modified":"2016-06-18T20:30:14","modified_gmt":"2016-06-18T17:30:14","slug":"etusivu","status":"publish","type":"page","link":"https:\/\/riometri.fi\/","title":{"rendered":"Front page"},"content":{"rendered":"<p><span style=\"text-align: center; font-size: 12px; color: black;\">ABOUT WORKS<\/span><\/p>\n<p><span style=\"text-align: center; font-size: 12px; color: gray;\">Ty\u00f6t ovat jaoteltuina aihepiireitt\u00e4in; tihentyv\u00e4t, laajenevat, tila ja m\u00e4\u00e4r\u00e4.<br \/>\nJoissakin t\u00f6iss\u00e4 n\u00e4m\u00e4 aiheet ovat yht\u00e4aikaisesti l\u00e4sn\u00e4. T\u00e4ll\u00f6in sama teos esiintyy useammassa aihepiiriss\u00e4.<br \/>\nToivon t\u00e4ll\u00e4 jaottelulla avaavani n\u00e4k\u00f6kulman siihen, mit\u00e4 pid\u00e4n olennaisimpana ja mit\u00e4 toistuvasti t\u00f6iss\u00e4ni k\u00e4sittelen.<br \/>\n<\/span><br \/>\n<span style=\"text-align: center; font-size: 12px; color: black;\"><br \/>\nThe works are divided into categories. Density, expansion, space and amount.<br \/>\nIn some works, these themes are present simultaneously. Then the same work will occur in several categories.<br \/>\nWith these divisions, I hope to open a perspective to what I see the most relevant and what I repeatedly handle in my works.<\/p>\n<p>\n<\/span><\/p>\n","protected":false},"excerpt":{"rendered":"<p>ABOUT WORKS Ty\u00f6t ovat jaoteltuina aihepiireitt\u00e4in; tihentyv\u00e4t, laajenevat, tila ja m\u00e4\u00e4r\u00e4. Joissakin t\u00f6iss\u00e4 n\u00e4m\u00e4 aiheet ovat yht\u00e4aikaisesti l\u00e4sn\u00e4. T\u00e4ll\u00f6in sama teos esiintyy useammassa aihepiiriss\u00e4. Toivon t\u00e4ll\u00e4 jaottelulla avaavani n\u00e4k\u00f6kulman siihen, mit\u00e4 pid\u00e4n olennaisimpana ja mit\u00e4 toistuvasti t\u00f6iss\u00e4ni k\u00e4sittelen. The works are divided into categories. Density, expansion, space and amount. In some works, these themes are [&hellip;]<\/p>\n","protected":false},"author":2,"featured_media":0,"parent":0,"menu_order":0,"comment_status":"closed","ping_status":"closed","template":"","meta":{"footnotes":""},"_links":{"self":[{"href":"https:\/\/riometri.fi\/index.php?rest_route=\/wp\/v2\/pages\/88"}],"collection":[{"href":"https:\/\/riometri.fi\/index.php?rest_route=\/wp\/v2\/pages"}],"about":[{"href":"https:\/\/riometri.fi\/index.php?rest_route=\/wp\/v2\/types\/page"}],"author":[{"embeddable":true,"href":"https:\/\/riometri.fi\/index.php?rest_route=\/wp\/v2\/users\/2"}],"replies":[{"embeddable":true,"href":"https:\/\/riometri.fi\/index.php?rest_route=%2Fwp%2Fv2%2Fcomments&post=88"}],"version-history":[{"count":18,"href":"https:\/\/riometri.fi\/index.php?rest_route=\/wp\/v2\/pages\/88\/revisions"}],"predecessor-version":[{"id":893,"href":"https:\/\/riometri.fi\/index.php?rest_route=\/wp\/v2\/pages\/88\/revisions\/893"}],"wp:attachment":[{"href":"https:\/\/riometri.fi\/index.php?rest_route=%2Fwp%2Fv2%2Fmedia&parent=88"}],"curies":[{"name":"wp","href":"https:\/\/api.w.org\/{rel}","templated":true}]}}